{"id":88,"date":"2024-03-11T17:47:43","date_gmt":"2024-03-11T16:47:43","guid":{"rendered":"https:\/\/optima-acoustic.com\/?page_id=88"},"modified":"2024-05-20T19:57:52","modified_gmt":"2024-05-20T17:57:52","slug":"mamparas-acusticas","status":"publish","type":"page","link":"https:\/\/optima-acoustic.com\/index.php\/mamparas-acusticas\/","title":{"rendered":"Mamparas ac\u00fasticas"},"content":{"rendered":"\t\t<div data-elementor-type=\"wp-page\" data-elementor-id=\"88\" class=\"elementor elementor-88\" data-elementor-post-type=\"page\">\n\t\t\t\t<div class=\"elementor-element elementor-element-c332387 e-flex e-con-boxed e-con e-parent\" data-id=\"c332387\" data-element_type=\"container\" data-e-type=\"container\" data-settings=\"{&quot;background_motion_fx_devices&quot;:[&quot;desktop&quot;,&quot;tablet&quot;,&quot;mobile&quot;]}\">\n\t\t\t\t\t<div class=\"e-con-inner\">\n\t\t\t\t<div class=\"elementor-element elementor-element-b8fd4f9 elementor-widget elementor-widget-spacer\" data-id=\"b8fd4f9\" data-element_type=\"widget\" data-e-type=\"widget\" data-widget_type=\"spacer.default\">\n\t\t\t\t<div class=\"elementor-widget-container\">\n\t\t\t\t\t\t\t<div class=\"elementor-spacer\">\n\t\t\t<div class=\"elementor-spacer-inner\"><\/div>\n\t\t<\/div>\n\t\t\t\t\t\t<\/div>\n\t\t\t\t<\/div>\n\t\t\t\t<div class=\"elementor-element elementor-element-5464365 elementor-widget elementor-widget-heading\" data-id=\"5464365\" data-element_type=\"widget\" data-e-type=\"widget\" data-widget_type=\"heading.default\">\n\t\t\t\t<div class=\"elementor-widget-container\">\n\t\t\t\t\t<h2 class=\"elementor-heading-title elementor-size-default\">MAMPARAS<\/h2>\t\t\t\t<\/div>\n\t\t\t\t<\/div>\n\t\t\t\t<div class=\"elementor-element elementor-element-efc2460 elementor-widget elementor-widget-heading\" data-id=\"efc2460\" data-element_type=\"widget\" data-e-type=\"widget\" data-widget_type=\"heading.default\">\n\t\t\t\t<div class=\"elementor-widget-container\">\n\t\t\t\t\t<h2 class=\"elementor-heading-title elementor-size-default\">AC\u00daSTICAS<\/h2>\t\t\t\t<\/div>\n\t\t\t\t<\/div>\n\t\t\t\t<div class=\"elementor-element elementor-element-d0ea3cd elementor-widget elementor-widget-spacer\" data-id=\"d0ea3cd\" data-element_type=\"widget\" data-e-type=\"widget\" data-widget_type=\"spacer.default\">\n\t\t\t\t<div class=\"elementor-widget-container\">\n\t\t\t\t\t\t\t<div class=\"elementor-spacer\">\n\t\t\t<div class=\"elementor-spacer-inner\"><\/div>\n\t\t<\/div>\n\t\t\t\t\t\t<\/div>\n\t\t\t\t<\/div>\n\t\t\t\t\t<\/div>\n\t\t\t\t<\/div>\n\t\t<div class=\"elementor-element elementor-element-90d0e2e e-flex e-con-boxed e-con e-parent\" data-id=\"90d0e2e\" data-element_type=\"container\" data-e-type=\"container\">\n\t\t\t\t\t<div class=\"e-con-inner\">\n\t\t<div class=\"elementor-element elementor-element-777d35a e-con-full e-flex e-con e-child\" data-id=\"777d35a\" data-element_type=\"container\" data-e-type=\"container\">\n\t\t\t\t<div class=\"elementor-element elementor-element-ddb14a7 elementor-widget elementor-widget-heading\" data-id=\"ddb14a7\" data-element_type=\"widget\" data-e-type=\"widget\" data-widget_type=\"heading.default\">\n\t\t\t\t<div class=\"elementor-widget-container\">\n\t\t\t\t\t<h2 class=\"elementor-heading-title elementor-size-default\">Secci\u00f3n en construcci\u00f3n. Disculpen las molestias. <\/h2>\t\t\t\t<\/div>\n\t\t\t\t<\/div>\n\t\t\t\t<div class=\"elementor-element elementor-element-fd7e6ea elementor-widget elementor-widget-text-editor\" data-id=\"fd7e6ea\" data-element_type=\"widget\" data-e-type=\"widget\" data-widget_type=\"text-editor.default\">\n\t\t\t\t<div class=\"elementor-widget-container\">\n\t\t\t\t\t\t\t\t\t<p>Estamos trabajando para poder ofrecer esta secci\u00f3n lo m\u00e1s pronto posible. Si tiene inter\u00e9s en este producto, puede rellenar el siguiente formulario solicitando que le avisemos cuando se encuentre el cat\u00e1logo disponible.\u00a0<\/p>\t\t\t\t\t\t\t\t<\/div>\n\t\t\t\t<\/div>\n\t\t<div class=\"elementor-element elementor-element-1f16ef0 e-flex e-con-boxed e-con e-child\" data-id=\"1f16ef0\" data-element_type=\"container\" data-e-type=\"container\">\n\t\t\t\t\t<div class=\"e-con-inner\">\n\t\t\t\t<div class=\"elementor-element elementor-element-3b7c873 elementor-button-align-stretch elementor-widget elementor-widget-form\" data-id=\"3b7c873\" data-element_type=\"widget\" data-e-type=\"widget\" data-settings=\"{&quot;step_next_label&quot;:&quot;Siguiente&quot;,&quot;step_previous_label&quot;:&quot;Anterior&quot;,&quot;button_width&quot;:&quot;100&quot;,&quot;step_type&quot;:&quot;number_text&quot;,&quot;step_icon_shape&quot;:&quot;circle&quot;}\" data-widget_type=\"form.default\">\n\t\t\t\t<div class=\"elementor-widget-container\">\n\t\t\t\t\t\t\t<form class=\"elementor-form\" method=\"post\" name=\"Nuevo formulario\" aria-label=\"Nuevo formulario\">\n\t\t\t<input type=\"hidden\" name=\"post_id\" value=\"88\"\/>\n\t\t\t<input type=\"hidden\" name=\"form_id\" value=\"3b7c873\"\/>\n\t\t\t<input type=\"hidden\" name=\"referer_title\" value=\"optima-acoustic.com\" \/>\n\n\t\t\t\n\t\t\t<div class=\"elementor-form-fields-wrapper elementor-labels-above\">\n\t\t\t\t\t\t\t\t<div class=\"elementor-field-type-text elementor-field-group elementor-column elementor-field-group-name elementor-col-30 elementor-field-required\">\n\t\t\t\t\t\t\t\t\t\t\t\t<label for=\"form-field-name\" class=\"elementor-field-label\">\n\t\t\t\t\t\t\t\tNombre\t\t\t\t\t\t\t<\/label>\n\t\t\t\t\t\t\t\t\t\t\t\t\t\t<input size=\"1\" type=\"text\" name=\"form_fields[name]\" id=\"form-field-name\" class=\"elementor-field elementor-size-sm  elementor-field-textual\" required=\"required\">\n\t\t\t\t\t\t\t\t\t\t\t<\/div>\n\t\t\t\t\t\t\t\t<div class=\"elementor-field-type-text elementor-field-group elementor-column elementor-field-group-field_65e0d3d elementor-col-70 elementor-field-required\">\n\t\t\t\t\t\t\t\t\t\t\t\t<label for=\"form-field-field_65e0d3d\" class=\"elementor-field-label\">\n\t\t\t\t\t\t\t\tApellidos \t\t\t\t\t\t\t<\/label>\n\t\t\t\t\t\t\t\t\t\t\t\t\t\t<input size=\"1\" type=\"text\" name=\"form_fields[field_65e0d3d]\" id=\"form-field-field_65e0d3d\" class=\"elementor-field elementor-size-sm  elementor-field-textual\" required=\"required\">\n\t\t\t\t\t\t\t\t\t\t\t<\/div>\n\t\t\t\t\t\t\t\t<div class=\"elementor-field-type-tel elementor-field-group elementor-column elementor-field-group-email elementor-col-33 elementor-field-required\">\n\t\t\t\t\t\t\t\t\t\t\t\t<label for=\"form-field-email\" class=\"elementor-field-label\">\n\t\t\t\t\t\t\t\tTel\u00e9fono \t\t\t\t\t\t\t<\/label>\n\t\t\t\t\t\t\t\t<input size=\"1\" type=\"tel\" name=\"form_fields[email]\" id=\"form-field-email\" class=\"elementor-field elementor-size-sm  elementor-field-textual\" required=\"required\" pattern=\"[0-9()#&amp;+*-=.]+\" title=\"Only numbers and phone characters (#, -, *, etc) are accepted.\">\n\n\t\t\t\t\t\t<\/div>\n\t\t\t\t\t\t\t\t<div class=\"elementor-field-type-email elementor-field-group elementor-column elementor-field-group-field_f5aa1cd elementor-col-66 elementor-field-required\">\n\t\t\t\t\t\t\t\t\t\t\t\t<label for=\"form-field-field_f5aa1cd\" class=\"elementor-field-label\">\n\t\t\t\t\t\t\t\tCorreo electr\u00f3nico\t\t\t\t\t\t\t<\/label>\n\t\t\t\t\t\t\t\t\t\t\t\t\t\t<input size=\"1\" type=\"email\" name=\"form_fields[field_f5aa1cd]\" id=\"form-field-field_f5aa1cd\" class=\"elementor-field elementor-size-sm  elementor-field-textual\" required=\"required\">\n\t\t\t\t\t\t\t\t\t\t\t<\/div>\n\t\t\t\t\t\t\t\t<div class=\"elementor-field-type-text elementor-field-group elementor-column elementor-field-group-field_5081298 elementor-col-60 elementor-field-required\">\n\t\t\t\t\t\t\t\t\t\t\t\t<label for=\"form-field-field_5081298\" class=\"elementor-field-label\">\n\t\t\t\t\t\t\t\tEmpresa | Instituci\u00f3n | Particular \t\t\t\t\t\t\t<\/label>\n\t\t\t\t\t\t\t\t\t\t\t\t\t\t<input size=\"1\" type=\"text\" name=\"form_fields[field_5081298]\" id=\"form-field-field_5081298\" class=\"elementor-field elementor-size-sm  elementor-field-textual\" required=\"required\">\n\t\t\t\t\t\t\t\t\t\t\t<\/div>\n\t\t\t\t\t\t\t\t<div class=\"elementor-field-type-select elementor-field-group elementor-column elementor-field-group-field_473b99c elementor-col-40 elementor-field-required\">\n\t\t\t\t\t\t\t\t\t\t\t\t<label for=\"form-field-field_473b99c\" class=\"elementor-field-label\">\n\t\t\t\t\t\t\t\tProvincia\t\t\t\t\t\t\t<\/label>\n\t\t\t\t\t\t\t\t<div class=\"elementor-field elementor-select-wrapper remove-before \">\n\t\t\t<div class=\"select-caret-down-wrapper\">\n\t\t\t\t<svg aria-hidden=\"true\" class=\"e-font-icon-svg e-eicon-caret-down\" viewBox=\"0 0 571.4 571.4\" xmlns=\"http:\/\/www.w3.org\/2000\/svg\"><path d=\"M571 393Q571 407 561 418L311 668Q300 679 286 679T261 668L11 418Q0 407 0 393T11 368 36 357H536Q550 357 561 368T571 393Z\"><\/path><\/svg>\t\t\t<\/div>\n\t\t\t<select name=\"form_fields[field_473b99c]\" id=\"form-field-field_473b99c\" class=\"elementor-field-textual elementor-size-sm\" required=\"required\">\n\t\t\t\t\t\t\t\t\t<option value=\"\u00c1lava\">\u00c1lava<\/option>\n\t\t\t\t\t\t\t\t\t<option value=\"Albacete\">Albacete<\/option>\n\t\t\t\t\t\t\t\t\t<option value=\"Alicante \">Alicante <\/option>\n\t\t\t\t\t\t\t\t\t<option value=\"Almer\u00eda\">Almer\u00eda<\/option>\n\t\t\t\t\t\t\t\t\t<option value=\"Asturias\">Asturias<\/option>\n\t\t\t\t\t\t\t\t\t<option value=\"\u00c1vila \">\u00c1vila <\/option>\n\t\t\t\t\t\t\t\t\t<option value=\"Badajoz\">Badajoz<\/option>\n\t\t\t\t\t\t\t\t\t<option value=\"Barcelona\">Barcelona<\/option>\n\t\t\t\t\t\t\t\t\t<option value=\"Burgos \">Burgos <\/option>\n\t\t\t\t\t\t\t\t\t<option value=\"C\u00e1ceres\">C\u00e1ceres<\/option>\n\t\t\t\t\t\t\t\t\t<option value=\"C\u00e1diz\">C\u00e1diz<\/option>\n\t\t\t\t\t\t\t\t\t<option value=\"Cantabria\">Cantabria<\/option>\n\t\t\t\t\t\t\t\t\t<option value=\"Castell\u00f3n\">Castell\u00f3n<\/option>\n\t\t\t\t\t\t\t\t\t<option value=\"Ciudad Real\">Ciudad Real<\/option>\n\t\t\t\t\t\t\t\t\t<option value=\"C\u00f3rdoba\">C\u00f3rdoba<\/option>\n\t\t\t\t\t\t\t\t\t<option value=\"La Coru\u00f1a\">La Coru\u00f1a<\/option>\n\t\t\t\t\t\t\t\t\t<option value=\"Cuenca\">Cuenca<\/option>\n\t\t\t\t\t\t\t\t\t<option value=\"Gerona\">Gerona<\/option>\n\t\t\t\t\t\t\t\t\t<option value=\"Granada\">Granada<\/option>\n\t\t\t\t\t\t\t\t\t<option value=\"Guadalajara\">Guadalajara<\/option>\n\t\t\t\t\t\t\t\t\t<option value=\"Guip\u00fazcoa\">Guip\u00fazcoa<\/option>\n\t\t\t\t\t\t\t\t\t<option value=\"Huelva\">Huelva<\/option>\n\t\t\t\t\t\t\t\t\t<option value=\"Huesca\">Huesca<\/option>\n\t\t\t\t\t\t\t\t\t<option value=\"Baleares\">Baleares<\/option>\n\t\t\t\t\t\t\t\t\t<option value=\"Ja\u00e9n\">Ja\u00e9n<\/option>\n\t\t\t\t\t\t\t\t\t<option value=\"Le\u00f3n\">Le\u00f3n<\/option>\n\t\t\t\t\t\t\t\t\t<option value=\"L\u00e9rida\">L\u00e9rida<\/option>\n\t\t\t\t\t\t\t\t\t<option value=\"Lugo\">Lugo<\/option>\n\t\t\t\t\t\t\t\t\t<option value=\"Madrid\">Madrid<\/option>\n\t\t\t\t\t\t\t\t\t<option value=\"M\u00e1laga\">M\u00e1laga<\/option>\n\t\t\t\t\t\t\t\t\t<option value=\"Murcia\">Murcia<\/option>\n\t\t\t\t\t\t\t\t\t<option value=\"Navarra\">Navarra<\/option>\n\t\t\t\t\t\t\t\t\t<option value=\"Orense\">Orense<\/option>\n\t\t\t\t\t\t\t\t\t<option value=\"Palencia\">Palencia<\/option>\n\t\t\t\t\t\t\t\t\t<option value=\"Las Palmas\">Las Palmas<\/option>\n\t\t\t\t\t\t\t\t\t<option value=\"Pontevedra\">Pontevedra<\/option>\n\t\t\t\t\t\t\t\t\t<option value=\"La Rioja\">La Rioja<\/option>\n\t\t\t\t\t\t\t\t\t<option value=\"Salamanca\">Salamanca<\/option>\n\t\t\t\t\t\t\t\t\t<option value=\"Segovia\">Segovia<\/option>\n\t\t\t\t\t\t\t\t\t<option value=\"Sevilla\">Sevilla<\/option>\n\t\t\t\t\t\t\t\t\t<option value=\"Soria \">Soria <\/option>\n\t\t\t\t\t\t\t\t\t<option value=\"Tarragona\">Tarragona<\/option>\n\t\t\t\t\t\t\t\t\t<option value=\"Santa Cruz de Tenerife\">Santa Cruz de Tenerife<\/option>\n\t\t\t\t\t\t\t\t\t<option value=\"Teruel\">Teruel<\/option>\n\t\t\t\t\t\t\t\t\t<option value=\"Toledo\">Toledo<\/option>\n\t\t\t\t\t\t\t\t\t<option value=\"Valencia\">Valencia<\/option>\n\t\t\t\t\t\t\t\t\t<option value=\"Valladolid \">Valladolid <\/option>\n\t\t\t\t\t\t\t\t\t<option value=\"Vizcaya\">Vizcaya<\/option>\n\t\t\t\t\t\t\t\t\t<option value=\"Zamora\">Zamora<\/option>\n\t\t\t\t\t\t\t\t\t<option value=\"Zaragoza\">Zaragoza<\/option>\n\t\t\t\t\t\t\t\t\t<option value=\"Ceuta \">Ceuta <\/option>\n\t\t\t\t\t\t\t\t\t<option value=\"Melilla\">Melilla<\/option>\n\t\t\t\t\t\t\t\t\t<option value=\"Otro Pa\u00eds o Regi\u00f3n \">Otro Pa\u00eds o Regi\u00f3n <\/option>\n\t\t\t\t\t\t\t\t\t<option value=\"\"><\/option>\n\t\t\t\t\t\t\t<\/select>\n\t\t<\/div>\n\t\t\t\t\t\t<\/div>\n\t\t\t\t\t\t\t\t<div class=\"elementor-field-type-textarea elementor-field-group elementor-column elementor-field-group-message elementor-col-100 elementor-field-required\">\n\t\t\t\t\t\t\t\t\t\t\t\t<label for=\"form-field-message\" class=\"elementor-field-label\">\n\t\t\t\t\t\t\t\tMensaje\t\t\t\t\t\t\t<\/label>\n\t\t\t\t\t\t<textarea class=\"elementor-field-textual elementor-field  elementor-size-sm\" name=\"form_fields[message]\" id=\"form-field-message\" rows=\"4\" placeholder=\"Mensaje\" required=\"required\"><\/textarea>\t\t\t\t<\/div>\n\t\t\t\t\t\t\t\t<div class=\"elementor-field-type-acceptance elementor-field-group elementor-column elementor-field-group-field_2b64ba7 elementor-col-100 elementor-field-required\">\n\t\t\t\t\t\t\t<div class=\"elementor-field-subgroup\">\n\t\t\t<span class=\"elementor-field-option\">\n\t\t\t\t<input type=\"checkbox\" name=\"form_fields[field_2b64ba7]\" id=\"form-field-field_2b64ba7\" class=\"elementor-field elementor-size-sm  elementor-acceptance-field\" required=\"required\">\n\t\t\t\t<label for=\"form-field-field_2b64ba7\">Mediante el env\u00edo de mis datos personales, confirmo que he le\u00eddo y acepto la pol\u00edtica de privacidad. Puedes consultar la pol\u00edtica de privacidad en: https:\/\/optima-acoustic.com\/index.php\/proteccion-de-datos\/<\/label>\t\t\t<\/span>\n\t\t<\/div>\n\t\t\t\t\t\t<\/div>\n\t\t\t\t\t\t\t\t<div class=\"elementor-field-group elementor-column elementor-field-type-submit elementor-col-100 e-form__buttons\">\n\t\t\t\t\t<button class=\"elementor-button elementor-size-sm elementor-animation-grow\" type=\"submit\">\n\t\t\t\t\t\t<span class=\"elementor-button-content-wrapper\">\n\t\t\t\t\t\t\t\t\t\t\t\t\t\t\t\t\t\t\t\t\t\t<span class=\"elementor-button-text\">ENVIAR FORMULARIO <\/span>\n\t\t\t\t\t\t\t\t\t\t\t\t\t<\/span>\n\t\t\t\t\t<\/button>\n\t\t\t\t<\/div>\n\t\t\t<\/div>\n\t\t<\/form>\n\t\t\t\t\t\t<\/div>\n\t\t\t\t<\/div>\n\t\t\t\t\t<\/div>\n\t\t\t\t<\/div>\n\t\t\t\t<\/div>\n\t\t<div class=\"elementor-element elementor-element-9281736 e-con-full e-flex e-con e-child\" data-id=\"9281736\" data-element_type=\"container\" data-e-type=\"container\">\n\t\t\t\t<div class=\"elementor-element elementor-element-a990c38 elementor-widget elementor-widget-spacer\" data-id=\"a990c38\" data-element_type=\"widget\" data-e-type=\"widget\" data-widget_type=\"spacer.default\">\n\t\t\t\t<div class=\"elementor-widget-container\">\n\t\t\t\t\t\t\t<div class=\"elementor-spacer\">\n\t\t\t<div class=\"elementor-spacer-inner\"><\/div>\n\t\t<\/div>\n\t\t\t\t\t\t<\/div>\n\t\t\t\t<\/div>\n\t\t\t\t<div class=\"elementor-element elementor-element-c516c9f elementor-widget elementor-widget-image\" data-id=\"c516c9f\" data-element_type=\"widget\" data-e-type=\"widget\" data-widget_type=\"image.default\">\n\t\t\t\t<div class=\"elementor-widget-container\">\n\t\t\t\t\t\t\t\t\t\t\t\t\t\t\t<img fetchpriority=\"high\" decoding=\"async\" width=\"518\" height=\"248\" src=\"https:\/\/optima-acoustic.com\/wp-content\/uploads\/2024\/03\/logotipo-optima-acoustic.png\" class=\"attachment-large size-large wp-image-189\" alt=\"\" srcset=\"https:\/\/optima-acoustic.com\/wp-content\/uploads\/2024\/03\/logotipo-optima-acoustic.png 518w, https:\/\/optima-acoustic.com\/wp-content\/uploads\/2024\/03\/logotipo-optima-acoustic-300x144.png 300w\" sizes=\"(max-width: 518px) 100vw, 518px\" \/>\t\t\t\t\t\t\t\t\t\t\t\t\t\t\t<\/div>\n\t\t\t\t<\/div>\n\t\t\t\t<\/div>\n\t\t<div class=\"elementor-element elementor-element-362068b e-con-full e-flex e-con e-child\" data-id=\"362068b\" data-element_type=\"container\" data-e-type=\"container\">\n\t\t\t\t<div class=\"elementor-element elementor-element-e3ef122 elementor-widget elementor-widget-spacer\" data-id=\"e3ef122\" data-element_type=\"widget\" data-e-type=\"widget\" data-widget_type=\"spacer.default\">\n\t\t\t\t<div class=\"elementor-widget-container\">\n\t\t\t\t\t\t\t<div class=\"elementor-spacer\">\n\t\t\t<div class=\"elementor-spacer-inner\"><\/div>\n\t\t<\/div>\n\t\t\t\t\t\t<\/div>\n\t\t\t\t<\/div>\n\t\t\t\t<div class=\"elementor-element elementor-element-87603ea elementor-widget elementor-widget-image\" data-id=\"87603ea\" data-element_type=\"widget\" data-e-type=\"widget\" data-widget_type=\"image.default\">\n\t\t\t\t<div class=\"elementor-widget-container\">\n\t\t\t\t\t\t\t\t\t\t\t\t\t\t\t<img decoding=\"async\" width=\"225\" height=\"225\" src=\"https:\/\/optima-acoustic.com\/wp-content\/uploads\/2024\/04\/logotipo-mba.jpg\" class=\"attachment-large size-large wp-image-392\" alt=\"\" srcset=\"https:\/\/optima-acoustic.com\/wp-content\/uploads\/2024\/04\/logotipo-mba.jpg 225w, https:\/\/optima-acoustic.com\/wp-content\/uploads\/2024\/04\/logotipo-mba-150x150.jpg 150w\" sizes=\"(max-width: 225px) 100vw, 225px\" \/>\t\t\t\t\t\t\t\t\t\t\t\t\t\t\t<\/div>\n\t\t\t\t<\/div>\n\t\t\t\t<\/div>\n\t\t\t\t\t<\/div>\n\t\t\t\t<\/div>\n\t\t\t\t<\/div>\n\t\t","protected":false},"excerpt":{"rendered":"<p>MAMPARAS AC\u00daSTICAS Secci\u00f3n en construcci\u00f3n. Disculpen las molestias. Estamos trabajando para poder ofrecer esta secci\u00f3n lo m\u00e1s pronto posible. Si tiene inter\u00e9s en este producto, puede rellenar el siguiente formulario solicitando que le avisemos cuando se encuentre el cat\u00e1logo disponible.\u00a0<\/p>\n","protected":false},"author":1,"featured_media":0,"parent":0,"menu_order":0,"comment_status":"closed","ping_status":"closed","template":"elementor_header_footer","meta":{"footnotes":""},"class_list":["post-88","page","type-page","status-publish","hentry"],"yoast_head":"<!-- This site is optimized with the Yoast SEO plugin v27.4 - https:\/\/yoast.com\/product\/yoast-seo-wordpress\/ -->\n<title>Mamparas ac\u00fasticas - optima-acoustic.com<\/title>\n<meta name=\"robots\" content=\"index, follow, max-snippet:-1, max-image-preview:large, max-video-preview:-1\" \/>\n<link rel=\"canonical\" href=\"https:\/\/optima-acoustic.com\/index.php\/mamparas-acusticas\/\" \/>\n<meta property=\"og:locale\" content=\"en_US\" \/>\n<meta property=\"og:type\" content=\"article\" \/>\n<meta property=\"og:title\" content=\"Mamparas ac\u00fasticas - optima-acoustic.com\" \/>\n<meta property=\"og:description\" content=\"MAMPARAS AC\u00daSTICAS Secci\u00f3n en construcci\u00f3n. Disculpen las molestias. Estamos trabajando para poder ofrecer esta secci\u00f3n lo m\u00e1s pronto posible. Si tiene inter\u00e9s en este producto, puede rellenar el siguiente formulario solicitando que le avisemos cuando se encuentre el cat\u00e1logo disponible.\u00a0\" \/>\n<meta property=\"og:url\" content=\"https:\/\/optima-acoustic.com\/index.php\/mamparas-acusticas\/\" \/>\n<meta property=\"og:site_name\" content=\"optima-acoustic.com\" \/>\n<meta property=\"article:modified_time\" content=\"2024-05-20T17:57:52+00:00\" \/>\n<meta property=\"og:image\" content=\"https:\/\/optima-acoustic.com\/wp-content\/uploads\/2024\/03\/logotipo-optima-acoustic.png\" \/>\n<meta name=\"twitter:card\" content=\"summary_large_image\" \/>\n<script type=\"application\/ld+json\" class=\"yoast-schema-graph\">{\"@context\":\"https:\\\/\\\/schema.org\",\"@graph\":[{\"@type\":\"WebPage\",\"@id\":\"https:\\\/\\\/optima-acoustic.com\\\/index.php\\\/mamparas-acusticas\\\/\",\"url\":\"https:\\\/\\\/optima-acoustic.com\\\/index.php\\\/mamparas-acusticas\\\/\",\"name\":\"Mamparas ac\u00fasticas - optima-acoustic.com\",\"isPartOf\":{\"@id\":\"https:\\\/\\\/optima-acoustic.com\\\/#website\"},\"primaryImageOfPage\":{\"@id\":\"https:\\\/\\\/optima-acoustic.com\\\/index.php\\\/mamparas-acusticas\\\/#primaryimage\"},\"image\":{\"@id\":\"https:\\\/\\\/optima-acoustic.com\\\/index.php\\\/mamparas-acusticas\\\/#primaryimage\"},\"thumbnailUrl\":\"https:\\\/\\\/optima-acoustic.com\\\/wp-content\\\/uploads\\\/2024\\\/03\\\/logotipo-optima-acoustic.png\",\"datePublished\":\"2024-03-11T16:47:43+00:00\",\"dateModified\":\"2024-05-20T17:57:52+00:00\",\"breadcrumb\":{\"@id\":\"https:\\\/\\\/optima-acoustic.com\\\/index.php\\\/mamparas-acusticas\\\/#breadcrumb\"},\"inLanguage\":\"en-US\",\"potentialAction\":[{\"@type\":\"ReadAction\",\"target\":[\"https:\\\/\\\/optima-acoustic.com\\\/index.php\\\/mamparas-acusticas\\\/\"]}]},{\"@type\":\"ImageObject\",\"inLanguage\":\"en-US\",\"@id\":\"https:\\\/\\\/optima-acoustic.com\\\/index.php\\\/mamparas-acusticas\\\/#primaryimage\",\"url\":\"https:\\\/\\\/optima-acoustic.com\\\/wp-content\\\/uploads\\\/2024\\\/03\\\/logotipo-optima-acoustic.png\",\"contentUrl\":\"https:\\\/\\\/optima-acoustic.com\\\/wp-content\\\/uploads\\\/2024\\\/03\\\/logotipo-optima-acoustic.png\",\"width\":518,\"height\":248},{\"@type\":\"BreadcrumbList\",\"@id\":\"https:\\\/\\\/optima-acoustic.com\\\/index.php\\\/mamparas-acusticas\\\/#breadcrumb\",\"itemListElement\":[{\"@type\":\"ListItem\",\"position\":1,\"name\":\"Portada\",\"item\":\"https:\\\/\\\/optima-acoustic.com\\\/\"},{\"@type\":\"ListItem\",\"position\":2,\"name\":\"Mamparas ac\u00fasticas\"}]},{\"@type\":\"WebSite\",\"@id\":\"https:\\\/\\\/optima-acoustic.com\\\/#website\",\"url\":\"https:\\\/\\\/optima-acoustic.com\\\/\",\"name\":\"optima-acoustic.com\",\"description\":\"\",\"publisher\":{\"@id\":\"https:\\\/\\\/optima-acoustic.com\\\/#organization\"},\"potentialAction\":[{\"@type\":\"SearchAction\",\"target\":{\"@type\":\"EntryPoint\",\"urlTemplate\":\"https:\\\/\\\/optima-acoustic.com\\\/?s={search_term_string}\"},\"query-input\":{\"@type\":\"PropertyValueSpecification\",\"valueRequired\":true,\"valueName\":\"search_term_string\"}}],\"inLanguage\":\"en-US\"},{\"@type\":\"Organization\",\"@id\":\"https:\\\/\\\/optima-acoustic.com\\\/#organization\",\"name\":\"optima-acoustic.com\",\"url\":\"https:\\\/\\\/optima-acoustic.com\\\/\",\"logo\":{\"@type\":\"ImageObject\",\"inLanguage\":\"en-US\",\"@id\":\"https:\\\/\\\/optima-acoustic.com\\\/#\\\/schema\\\/logo\\\/image\\\/\",\"url\":\"https:\\\/\\\/optima-acoustic.com\\\/wp-content\\\/uploads\\\/2024\\\/03\\\/logotipo-optima-acoustic.png\",\"contentUrl\":\"https:\\\/\\\/optima-acoustic.com\\\/wp-content\\\/uploads\\\/2024\\\/03\\\/logotipo-optima-acoustic.png\",\"width\":518,\"height\":248,\"caption\":\"optima-acoustic.com\"},\"image\":{\"@id\":\"https:\\\/\\\/optima-acoustic.com\\\/#\\\/schema\\\/logo\\\/image\\\/\"}}]}<\/script>\n<!-- \/ Yoast SEO plugin. -->","yoast_head_json":{"title":"Mamparas ac\u00fasticas - optima-acoustic.com","robots":{"index":"index","follow":"follow","max-snippet":"max-snippet:-1","max-image-preview":"max-image-preview:large","max-video-preview":"max-video-preview:-1"},"canonical":"https:\/\/optima-acoustic.com\/index.php\/mamparas-acusticas\/","og_locale":"en_US","og_type":"article","og_title":"Mamparas ac\u00fasticas - optima-acoustic.com","og_description":"MAMPARAS AC\u00daSTICAS Secci\u00f3n en construcci\u00f3n. Disculpen las molestias. Estamos trabajando para poder ofrecer esta secci\u00f3n lo m\u00e1s pronto posible. Si tiene inter\u00e9s en este producto, puede rellenar el siguiente formulario solicitando que le avisemos cuando se encuentre el cat\u00e1logo disponible.\u00a0","og_url":"https:\/\/optima-acoustic.com\/index.php\/mamparas-acusticas\/","og_site_name":"optima-acoustic.com","article_modified_time":"2024-05-20T17:57:52+00:00","og_image":[{"url":"https:\/\/optima-acoustic.com\/wp-content\/uploads\/2024\/03\/logotipo-optima-acoustic.png","type":"","width":"","height":""}],"twitter_card":"summary_large_image","schema":{"@context":"https:\/\/schema.org","@graph":[{"@type":"WebPage","@id":"https:\/\/optima-acoustic.com\/index.php\/mamparas-acusticas\/","url":"https:\/\/optima-acoustic.com\/index.php\/mamparas-acusticas\/","name":"Mamparas ac\u00fasticas - optima-acoustic.com","isPartOf":{"@id":"https:\/\/optima-acoustic.com\/#website"},"primaryImageOfPage":{"@id":"https:\/\/optima-acoustic.com\/index.php\/mamparas-acusticas\/#primaryimage"},"image":{"@id":"https:\/\/optima-acoustic.com\/index.php\/mamparas-acusticas\/#primaryimage"},"thumbnailUrl":"https:\/\/optima-acoustic.com\/wp-content\/uploads\/2024\/03\/logotipo-optima-acoustic.png","datePublished":"2024-03-11T16:47:43+00:00","dateModified":"2024-05-20T17:57:52+00:00","breadcrumb":{"@id":"https:\/\/optima-acoustic.com\/index.php\/mamparas-acusticas\/#breadcrumb"},"inLanguage":"en-US","potentialAction":[{"@type":"ReadAction","target":["https:\/\/optima-acoustic.com\/index.php\/mamparas-acusticas\/"]}]},{"@type":"ImageObject","inLanguage":"en-US","@id":"https:\/\/optima-acoustic.com\/index.php\/mamparas-acusticas\/#primaryimage","url":"https:\/\/optima-acoustic.com\/wp-content\/uploads\/2024\/03\/logotipo-optima-acoustic.png","contentUrl":"https:\/\/optima-acoustic.com\/wp-content\/uploads\/2024\/03\/logotipo-optima-acoustic.png","width":518,"height":248},{"@type":"BreadcrumbList","@id":"https:\/\/optima-acoustic.com\/index.php\/mamparas-acusticas\/#breadcrumb","itemListElement":[{"@type":"ListItem","position":1,"name":"Portada","item":"https:\/\/optima-acoustic.com\/"},{"@type":"ListItem","position":2,"name":"Mamparas ac\u00fasticas"}]},{"@type":"WebSite","@id":"https:\/\/optima-acoustic.com\/#website","url":"https:\/\/optima-acoustic.com\/","name":"optima-acoustic.com","description":"","publisher":{"@id":"https:\/\/optima-acoustic.com\/#organization"},"potentialAction":[{"@type":"SearchAction","target":{"@type":"EntryPoint","urlTemplate":"https:\/\/optima-acoustic.com\/?s={search_term_string}"},"query-input":{"@type":"PropertyValueSpecification","valueRequired":true,"valueName":"search_term_string"}}],"inLanguage":"en-US"},{"@type":"Organization","@id":"https:\/\/optima-acoustic.com\/#organization","name":"optima-acoustic.com","url":"https:\/\/optima-acoustic.com\/","logo":{"@type":"ImageObject","inLanguage":"en-US","@id":"https:\/\/optima-acoustic.com\/#\/schema\/logo\/image\/","url":"https:\/\/optima-acoustic.com\/wp-content\/uploads\/2024\/03\/logotipo-optima-acoustic.png","contentUrl":"https:\/\/optima-acoustic.com\/wp-content\/uploads\/2024\/03\/logotipo-optima-acoustic.png","width":518,"height":248,"caption":"optima-acoustic.com"},"image":{"@id":"https:\/\/optima-acoustic.com\/#\/schema\/logo\/image\/"}}]}},"_links":{"self":[{"href":"https:\/\/optima-acoustic.com\/index.php\/wp-json\/wp\/v2\/pages\/88","targetHints":{"allow":["GET"]}}],"collection":[{"href":"https:\/\/optima-acoustic.com\/index.php\/wp-json\/wp\/v2\/pages"}],"about":[{"href":"https:\/\/optima-acoustic.com\/index.php\/wp-json\/wp\/v2\/types\/page"}],"author":[{"embeddable":true,"href":"https:\/\/optima-acoustic.com\/index.php\/wp-json\/wp\/v2\/users\/1"}],"replies":[{"embeddable":true,"href":"https:\/\/optima-acoustic.com\/index.php\/wp-json\/wp\/v2\/comments?post=88"}],"version-history":[{"count":7,"href":"https:\/\/optima-acoustic.com\/index.php\/wp-json\/wp\/v2\/pages\/88\/revisions"}],"predecessor-version":[{"id":884,"href":"https:\/\/optima-acoustic.com\/index.php\/wp-json\/wp\/v2\/pages\/88\/revisions\/884"}],"wp:attachment":[{"href":"https:\/\/optima-acoustic.com\/index.php\/wp-json\/wp\/v2\/media?parent=88"}],"curies":[{"name":"wp","href":"https:\/\/api.w.org\/{rel}","templated":true}]}}