{"id":217,"date":"2024-04-09T15:43:08","date_gmt":"2024-04-09T13:43:08","guid":{"rendered":"https:\/\/optima-acoustic.com\/?page_id=217"},"modified":"2024-04-09T16:17:40","modified_gmt":"2024-04-09T14:17:40","slug":"sobre-nosotros","status":"publish","type":"page","link":"https:\/\/optima-acoustic.com\/index.php\/sobre-nosotros\/","title":{"rendered":"Sobre nosotros"},"content":{"rendered":"\t\t<div data-elementor-type=\"wp-page\" data-elementor-id=\"217\" class=\"elementor elementor-217\" data-elementor-post-type=\"page\">\n\t\t\t\t<div class=\"elementor-element elementor-element-345ccd6 e-flex e-con-boxed e-con e-parent\" data-id=\"345ccd6\" data-element_type=\"container\" data-e-type=\"container\">\n\t\t\t\t\t<div class=\"e-con-inner\">\n\t\t<div class=\"elementor-element elementor-element-99fd80c e-con-full e-flex e-con e-child\" data-id=\"99fd80c\" data-element_type=\"container\" data-e-type=\"container\">\n\t\t\t\t<div class=\"elementor-element elementor-element-f190fc1 elementor-widget elementor-widget-spacer\" data-id=\"f190fc1\" data-element_type=\"widget\" data-e-type=\"widget\" data-widget_type=\"spacer.default\">\n\t\t\t\t<div class=\"elementor-widget-container\">\n\t\t\t\t\t\t\t<div class=\"elementor-spacer\">\n\t\t\t<div class=\"elementor-spacer-inner\"><\/div>\n\t\t<\/div>\n\t\t\t\t\t\t<\/div>\n\t\t\t\t<\/div>\n\t\t\t\t<div class=\"elementor-element elementor-element-d9f6d81 elementor-widget elementor-widget-image\" data-id=\"d9f6d81\" data-element_type=\"widget\" data-e-type=\"widget\" data-widget_type=\"image.default\">\n\t\t\t\t<div class=\"elementor-widget-container\">\n\t\t\t\t\t\t\t\t\t\t\t\t\t\t\t<img fetchpriority=\"high\" decoding=\"async\" width=\"518\" height=\"248\" src=\"https:\/\/optima-acoustic.com\/wp-content\/uploads\/2024\/03\/logotipo-optima-acoustic.png\" class=\"attachment-large size-large wp-image-189\" alt=\"\" srcset=\"https:\/\/optima-acoustic.com\/wp-content\/uploads\/2024\/03\/logotipo-optima-acoustic.png 518w, https:\/\/optima-acoustic.com\/wp-content\/uploads\/2024\/03\/logotipo-optima-acoustic-300x144.png 300w\" sizes=\"(max-width: 518px) 100vw, 518px\" \/>\t\t\t\t\t\t\t\t\t\t\t\t\t\t\t<\/div>\n\t\t\t\t<\/div>\n\t\t\t\t<div class=\"elementor-element elementor-element-1a0cdf6 elementor-widget elementor-widget-spacer\" data-id=\"1a0cdf6\" data-element_type=\"widget\" data-e-type=\"widget\" data-widget_type=\"spacer.default\">\n\t\t\t\t<div class=\"elementor-widget-container\">\n\t\t\t\t\t\t\t<div class=\"elementor-spacer\">\n\t\t\t<div class=\"elementor-spacer-inner\"><\/div>\n\t\t<\/div>\n\t\t\t\t\t\t<\/div>\n\t\t\t\t<\/div>\n\t\t\t\t<div class=\"elementor-element elementor-element-8bbc11a elementor-widget elementor-widget-spacer\" data-id=\"8bbc11a\" data-element_type=\"widget\" data-e-type=\"widget\" data-widget_type=\"spacer.default\">\n\t\t\t\t<div class=\"elementor-widget-container\">\n\t\t\t\t\t\t\t<div class=\"elementor-spacer\">\n\t\t\t<div class=\"elementor-spacer-inner\"><\/div>\n\t\t<\/div>\n\t\t\t\t\t\t<\/div>\n\t\t\t\t<\/div>\n\t\t\t\t<\/div>\n\t\t<div class=\"elementor-element elementor-element-10e1817 e-con-full e-flex e-con e-child\" data-id=\"10e1817\" data-element_type=\"container\" data-e-type=\"container\">\n\t\t\t\t<div class=\"elementor-element elementor-element-41bd543 elementor-widget elementor-widget-spacer\" data-id=\"41bd543\" data-element_type=\"widget\" data-e-type=\"widget\" data-widget_type=\"spacer.default\">\n\t\t\t\t<div class=\"elementor-widget-container\">\n\t\t\t\t\t\t\t<div class=\"elementor-spacer\">\n\t\t\t<div class=\"elementor-spacer-inner\"><\/div>\n\t\t<\/div>\n\t\t\t\t\t\t<\/div>\n\t\t\t\t<\/div>\n\t\t\t\t<div class=\"elementor-element elementor-element-a45e20e elementor-widget elementor-widget-heading\" data-id=\"a45e20e\" data-element_type=\"widget\" data-e-type=\"widget\" data-widget_type=\"heading.default\">\n\t\t\t\t<div class=\"elementor-widget-container\">\n\t\t\t\t\t<h2 class=\"elementor-heading-title elementor-size-default\">\u00d3ptima Acoustic, soluciones ac\u00fasticas para todos los espacios <\/h2>\t\t\t\t<\/div>\n\t\t\t\t<\/div>\n\t\t\t\t<div class=\"elementor-element elementor-element-cb724d7 elementor-widget elementor-widget-text-editor\" data-id=\"cb724d7\" data-element_type=\"widget\" data-e-type=\"widget\" data-widget_type=\"text-editor.default\">\n\t\t\t\t<div class=\"elementor-widget-container\">\n\t\t\t\t\t\t\t\t\t<p>Somos una empresa especializada en el desarrollo, producci\u00f3n e instalaci\u00f3n de sistemas para la mejora ac\u00fastica de muy diversos espacios, como puede ser la hoster\u00eda, centros de trabajo, espacios deportivos o centros culturales. Contamos con una amplia experiencia en el sector de la ac\u00fastica con resultas inmejorables.\u00a0<\/p><p>En \u00d3ptima Acoustic, nos especializamos en una amplia gama de productos y aplicaciones ac\u00fasticas, desde cabinas de reuniones, cabinas telef\u00f3nicas, hasta techos y muros con tratamientos ac\u00fasticos para la mejora de la reverberaci\u00f3n.\u00a0<\/p><p>Contamos con un equipo de expertos en ac\u00fastica que mantienen estrecha colaboraci\u00f3n con diferentes laboratorios, como pueden ser las instalaciones de la Universidad de Valencia, o el instituto ******** en Alemania. No dudes en solicitar una visita de nuestros expertos para poder ofrecerle un proyecto personalizado para sus instalaciones.\u00a0<\/p><p>En \u00d3ptima Acoustic creemos en la importancia del silencio en el entorno humano, y por eso, nos dedicamos a promover espacios donde la tranquilidad, el bienestar y la productividad van de la mano.\u00a0<\/p><p>Esperamos poder ayudarle para transformar sus espacios con nuestras soluciones ac\u00fasticas de primera categor\u00eda.\u00a0<\/p><p>\u00a0<\/p>\t\t\t\t\t\t\t\t<\/div>\n\t\t\t\t<\/div>\n\t\t\t\t<\/div>\n\t\t\t\t\t<\/div>\n\t\t\t\t<\/div>\n\t\t<div class=\"elementor-element elementor-element-20535d6 e-flex e-con-boxed e-con e-parent\" data-id=\"20535d6\" data-element_type=\"container\" data-e-type=\"container\">\n\t\t\t\t\t<div class=\"e-con-inner\">\n\t\t<div class=\"elementor-element elementor-element-25d3fff e-con-full e-flex e-con e-child\" data-id=\"25d3fff\" data-element_type=\"container\" data-e-type=\"container\">\n\t\t\t\t<div class=\"elementor-element elementor-element-74ba222 elementor-view-default elementor-position-block-start elementor-mobile-position-block-start elementor-widget elementor-widget-icon-box\" data-id=\"74ba222\" data-element_type=\"widget\" data-e-type=\"widget\" data-widget_type=\"icon-box.default\">\n\t\t\t\t<div class=\"elementor-widget-container\">\n\t\t\t\t\t\t\t<div class=\"elementor-icon-box-wrapper\">\n\n\t\t\t\t\t\t<div class=\"elementor-icon-box-icon\">\n\t\t\t\t<span  class=\"elementor-icon\">\n\t\t\t\t<svg aria-hidden=\"true\" class=\"e-font-icon-svg e-fas-phone-alt\" viewBox=\"0 0 512 512\" xmlns=\"http:\/\/www.w3.org\/2000\/svg\"><path d=\"M497.39 361.8l-112-48a24 24 0 0 0-28 6.9l-49.6 60.6A370.66 370.66 0 0 1 130.6 204.11l60.6-49.6a23.94 23.94 0 0 0 6.9-28l-48-112A24.16 24.16 0 0 0 122.6.61l-104 24A24 24 0 0 0 0 48c0 256.5 207.9 464 464 464a24 24 0 0 0 23.4-18.6l24-104a24.29 24.29 0 0 0-14.01-27.6z\"><\/path><\/svg>\t\t\t\t<\/span>\n\t\t\t<\/div>\n\t\t\t\n\t\t\t\t\t\t<div class=\"elementor-icon-box-content\">\n\n\t\t\t\t\t\t\t\t\t<h3 class=\"elementor-icon-box-title\">\n\t\t\t\t\t\t<span  >\n\t\t\t\t\t\t\t961 542 303\t\t\t\t\t\t<\/span>\n\t\t\t\t\t<\/h3>\n\t\t\t\t\n\t\t\t\t\t\t\t\t\t<p class=\"elementor-icon-box-description\">\n\t\t\t\t\t\tPuedes llamarnos en nuestro horario comercial de 8.00 - 19.30 de Lunes a Jueves o de 8.00-15.00 los viernes. \u00a1Estaremos encantados de atenderte! \t\t\t\t\t<\/p>\n\t\t\t\t\n\t\t\t<\/div>\n\t\t\t\n\t\t<\/div>\n\t\t\t\t\t\t<\/div>\n\t\t\t\t<\/div>\n\t\t\t\t<\/div>\n\t\t<div class=\"elementor-element elementor-element-9ea26b3 e-con-full e-flex e-con e-child\" data-id=\"9ea26b3\" data-element_type=\"container\" data-e-type=\"container\">\n\t\t\t\t<div class=\"elementor-element elementor-element-717a454 elementor-view-default elementor-position-block-start elementor-mobile-position-block-start elementor-widget elementor-widget-icon-box\" data-id=\"717a454\" data-element_type=\"widget\" data-e-type=\"widget\" data-widget_type=\"icon-box.default\">\n\t\t\t\t<div class=\"elementor-widget-container\">\n\t\t\t\t\t\t\t<div class=\"elementor-icon-box-wrapper\">\n\n\t\t\t\t\t\t<div class=\"elementor-icon-box-icon\">\n\t\t\t\t<span  class=\"elementor-icon\">\n\t\t\t\t<svg aria-hidden=\"true\" class=\"e-font-icon-svg e-far-envelope\" viewBox=\"0 0 512 512\" xmlns=\"http:\/\/www.w3.org\/2000\/svg\"><path d=\"M464 64H48C21.49 64 0 85.49 0 112v288c0 26.51 21.49 48 48 48h416c26.51 0 48-21.49 48-48V112c0-26.51-21.49-48-48-48zm0 48v40.805c-22.422 18.259-58.168 46.651-134.587 106.49-16.841 13.247-50.201 45.072-73.413 44.701-23.208.375-56.579-31.459-73.413-44.701C106.18 199.465 70.425 171.067 48 152.805V112h416zM48 400V214.398c22.914 18.251 55.409 43.862 104.938 82.646 21.857 17.205 60.134 55.186 103.062 54.955 42.717.231 80.509-37.199 103.053-54.947 49.528-38.783 82.032-64.401 104.947-82.653V400H48z\"><\/path><\/svg>\t\t\t\t<\/span>\n\t\t\t<\/div>\n\t\t\t\n\t\t\t\t\t\t<div class=\"elementor-icon-box-content\">\n\n\t\t\t\t\t\t\t\t\t<h3 class=\"elementor-icon-box-title\">\n\t\t\t\t\t\t<span  >\n\t\t\t\t\t\t\thola@optima-acoustic.com\t\t\t\t\t\t<\/span>\n\t\t\t\t\t<\/h3>\n\t\t\t\t\n\t\t\t\t\t\t\t\t\t<p class=\"elementor-icon-box-description\">\n\t\t\t\t\t\tEnv\u00edanos un correo electr\u00f3nico con tus dudas o solicitudes y te responderemos lo m\u00e1s r\u00e1pido posible. \t\t\t\t\t<\/p>\n\t\t\t\t\n\t\t\t<\/div>\n\t\t\t\n\t\t<\/div>\n\t\t\t\t\t\t<\/div>\n\t\t\t\t<\/div>\n\t\t\t\t<\/div>\n\t\t<div class=\"elementor-element elementor-element-dad39cc e-con-full e-flex e-con e-child\" data-id=\"dad39cc\" data-element_type=\"container\" data-e-type=\"container\">\n\t\t\t\t<div class=\"elementor-element elementor-element-c6a847a elementor-view-default elementor-position-block-start elementor-mobile-position-block-start elementor-widget elementor-widget-icon-box\" data-id=\"c6a847a\" data-element_type=\"widget\" data-e-type=\"widget\" data-widget_type=\"icon-box.default\">\n\t\t\t\t<div class=\"elementor-widget-container\">\n\t\t\t\t\t\t\t<div class=\"elementor-icon-box-wrapper\">\n\n\t\t\t\t\t\t<div class=\"elementor-icon-box-icon\">\n\t\t\t\t<span  class=\"elementor-icon\">\n\t\t\t\t<svg aria-hidden=\"true\" class=\"e-font-icon-svg e-fas-home\" viewBox=\"0 0 576 512\" xmlns=\"http:\/\/www.w3.org\/2000\/svg\"><path d=\"M280.37 148.26L96 300.11V464a16 16 0 0 0 16 16l112.06-.29a16 16 0 0 0 15.92-16V368a16 16 0 0 1 16-16h64a16 16 0 0 1 16 16v95.64a16 16 0 0 0 16 16.05L464 480a16 16 0 0 0 16-16V300L295.67 148.26a12.19 12.19 0 0 0-15.3 0zM571.6 251.47L488 182.56V44.05a12 12 0 0 0-12-12h-56a12 12 0 0 0-12 12v72.61L318.47 43a48 48 0 0 0-61 0L4.34 251.47a12 12 0 0 0-1.6 16.9l25.5 31A12 12 0 0 0 45.15 301l235.22-193.74a12.19 12.19 0 0 1 15.3 0L530.9 301a12 12 0 0 0 16.9-1.6l25.5-31a12 12 0 0 0-1.7-16.93z\"><\/path><\/svg>\t\t\t\t<\/span>\n\t\t\t<\/div>\n\t\t\t\n\t\t\t\t\t\t<div class=\"elementor-icon-box-content\">\n\n\t\t\t\t\t\t\t\t\t<h3 class=\"elementor-icon-box-title\">\n\t\t\t\t\t\t<span  >\n\t\t\t\t\t\t\tValencia\t\t\t\t\t\t<\/span>\n\t\t\t\t\t<\/h3>\n\t\t\t\t\n\t\t\t\t\t\t\t\t\t<p class=\"elementor-icon-box-description\">\n\t\t\t\t\t\tPuedes encontrarnos en la calle Constituci\u00f3n n\u00ba 12 de Manises, Valencia. Pol\u00edgono industrial el Barranquet. \t\t\t\t\t<\/p>\n\t\t\t\t\n\t\t\t<\/div>\n\t\t\t\n\t\t<\/div>\n\t\t\t\t\t\t<\/div>\n\t\t\t\t<\/div>\n\t\t\t\t<\/div>\n\t\t\t\t\t<\/div>\n\t\t\t\t<\/div>\n\t\t<div class=\"elementor-element elementor-element-3bbc2ed e-con-full e-flex e-con e-parent\" data-id=\"3bbc2ed\" data-element_type=\"container\" data-e-type=\"container\">\n\t\t\t\t<div class=\"elementor-element elementor-element-c1e66fb elementor-widget elementor-widget-spacer\" data-id=\"c1e66fb\" data-element_type=\"widget\" data-e-type=\"widget\" data-widget_type=\"spacer.default\">\n\t\t\t\t<div class=\"elementor-widget-container\">\n\t\t\t\t\t\t\t<div class=\"elementor-spacer\">\n\t\t\t<div class=\"elementor-spacer-inner\"><\/div>\n\t\t<\/div>\n\t\t\t\t\t\t<\/div>\n\t\t\t\t<\/div>\n\t\t\t\t<div class=\"elementor-element elementor-element-4113713 elementor-widget elementor-widget-google_maps\" data-id=\"4113713\" data-element_type=\"widget\" data-e-type=\"widget\" data-widget_type=\"google_maps.default\">\n\t\t\t\t<div class=\"elementor-widget-container\">\n\t\t\t\t\t\t\t<div class=\"elementor-custom-embed\">\n\t\t\t<iframe loading=\"lazy\"\n\t\t\t\t\tsrc=\"https:\/\/maps.google.com\/maps?q=calle%20constituci%C3%B3n%2012%20manises&#038;t=m&#038;z=12&#038;output=embed&#038;iwloc=near\"\n\t\t\t\t\ttitle=\"calle constituci\u00f3n 12 manises\"\n\t\t\t\t\taria-label=\"calle constituci\u00f3n 12 manises\"\n\t\t\t><\/iframe>\n\t\t<\/div>\n\t\t\t\t\t\t<\/div>\n\t\t\t\t<\/div>\n\t\t\t\t<\/div>\n\t\t\t\t<\/div>\n\t\t","protected":false},"excerpt":{"rendered":"<p>\u00d3ptima Acoustic, soluciones ac\u00fasticas para todos los espacios Somos una empresa especializada en el desarrollo, producci\u00f3n e instalaci\u00f3n de sistemas para la mejora ac\u00fastica de muy diversos espacios, como puede ser la hoster\u00eda, centros de trabajo, espacios deportivos o centros culturales. Contamos con una amplia experiencia en el sector de la ac\u00fastica con resultas inmejorables.\u00a0 [&hellip;]<\/p>\n","protected":false},"author":1,"featured_media":0,"parent":0,"menu_order":0,"comment_status":"closed","ping_status":"closed","template":"elementor_header_footer","meta":{"footnotes":""},"class_list":["post-217","page","type-page","status-publish","hentry"],"yoast_head":"<!-- This site is optimized with the Yoast SEO plugin v27.4 - https:\/\/yoast.com\/product\/yoast-seo-wordpress\/ -->\n<title>Sobre nosotros - optima-acoustic.com<\/title>\n<meta name=\"robots\" content=\"index, follow, max-snippet:-1, max-image-preview:large, max-video-preview:-1\" \/>\n<link rel=\"canonical\" href=\"https:\/\/optima-acoustic.com\/index.php\/sobre-nosotros\/\" \/>\n<meta property=\"og:locale\" content=\"en_US\" \/>\n<meta property=\"og:type\" content=\"article\" \/>\n<meta property=\"og:title\" content=\"Sobre nosotros - optima-acoustic.com\" \/>\n<meta property=\"og:description\" content=\"\u00d3ptima Acoustic, soluciones ac\u00fasticas para todos los espacios Somos una empresa especializada en el desarrollo, producci\u00f3n e instalaci\u00f3n de sistemas para la mejora ac\u00fastica de muy diversos espacios, como puede ser la hoster\u00eda, centros de trabajo, espacios deportivos o centros culturales. Contamos con una amplia experiencia en el sector de la ac\u00fastica con resultas inmejorables.\u00a0 [&hellip;]\" \/>\n<meta property=\"og:url\" content=\"https:\/\/optima-acoustic.com\/index.php\/sobre-nosotros\/\" \/>\n<meta property=\"og:site_name\" content=\"optima-acoustic.com\" \/>\n<meta property=\"article:modified_time\" content=\"2024-04-09T14:17:40+00:00\" \/>\n<meta property=\"og:image\" content=\"https:\/\/optima-acoustic.com\/wp-content\/uploads\/2024\/03\/logotipo-optima-acoustic.png\" \/>\n<meta name=\"twitter:card\" content=\"summary_large_image\" \/>\n<meta name=\"twitter:label1\" content=\"Est. reading time\" \/>\n\t<meta name=\"twitter:data1\" content=\"1 minute\" \/>\n<script type=\"application\/ld+json\" class=\"yoast-schema-graph\">{\"@context\":\"https:\\\/\\\/schema.org\",\"@graph\":[{\"@type\":\"WebPage\",\"@id\":\"https:\\\/\\\/optima-acoustic.com\\\/index.php\\\/sobre-nosotros\\\/\",\"url\":\"https:\\\/\\\/optima-acoustic.com\\\/index.php\\\/sobre-nosotros\\\/\",\"name\":\"Sobre nosotros - optima-acoustic.com\",\"isPartOf\":{\"@id\":\"https:\\\/\\\/optima-acoustic.com\\\/#website\"},\"primaryImageOfPage\":{\"@id\":\"https:\\\/\\\/optima-acoustic.com\\\/index.php\\\/sobre-nosotros\\\/#primaryimage\"},\"image\":{\"@id\":\"https:\\\/\\\/optima-acoustic.com\\\/index.php\\\/sobre-nosotros\\\/#primaryimage\"},\"thumbnailUrl\":\"https:\\\/\\\/optima-acoustic.com\\\/wp-content\\\/uploads\\\/2024\\\/03\\\/logotipo-optima-acoustic.png\",\"datePublished\":\"2024-04-09T13:43:08+00:00\",\"dateModified\":\"2024-04-09T14:17:40+00:00\",\"breadcrumb\":{\"@id\":\"https:\\\/\\\/optima-acoustic.com\\\/index.php\\\/sobre-nosotros\\\/#breadcrumb\"},\"inLanguage\":\"en-US\",\"potentialAction\":[{\"@type\":\"ReadAction\",\"target\":[\"https:\\\/\\\/optima-acoustic.com\\\/index.php\\\/sobre-nosotros\\\/\"]}]},{\"@type\":\"ImageObject\",\"inLanguage\":\"en-US\",\"@id\":\"https:\\\/\\\/optima-acoustic.com\\\/index.php\\\/sobre-nosotros\\\/#primaryimage\",\"url\":\"https:\\\/\\\/optima-acoustic.com\\\/wp-content\\\/uploads\\\/2024\\\/03\\\/logotipo-optima-acoustic.png\",\"contentUrl\":\"https:\\\/\\\/optima-acoustic.com\\\/wp-content\\\/uploads\\\/2024\\\/03\\\/logotipo-optima-acoustic.png\",\"width\":518,\"height\":248},{\"@type\":\"BreadcrumbList\",\"@id\":\"https:\\\/\\\/optima-acoustic.com\\\/index.php\\\/sobre-nosotros\\\/#breadcrumb\",\"itemListElement\":[{\"@type\":\"ListItem\",\"position\":1,\"name\":\"Portada\",\"item\":\"https:\\\/\\\/optima-acoustic.com\\\/\"},{\"@type\":\"ListItem\",\"position\":2,\"name\":\"Sobre nosotros\"}]},{\"@type\":\"WebSite\",\"@id\":\"https:\\\/\\\/optima-acoustic.com\\\/#website\",\"url\":\"https:\\\/\\\/optima-acoustic.com\\\/\",\"name\":\"optima-acoustic.com\",\"description\":\"\",\"publisher\":{\"@id\":\"https:\\\/\\\/optima-acoustic.com\\\/#organization\"},\"potentialAction\":[{\"@type\":\"SearchAction\",\"target\":{\"@type\":\"EntryPoint\",\"urlTemplate\":\"https:\\\/\\\/optima-acoustic.com\\\/?s={search_term_string}\"},\"query-input\":{\"@type\":\"PropertyValueSpecification\",\"valueRequired\":true,\"valueName\":\"search_term_string\"}}],\"inLanguage\":\"en-US\"},{\"@type\":\"Organization\",\"@id\":\"https:\\\/\\\/optima-acoustic.com\\\/#organization\",\"name\":\"optima-acoustic.com\",\"url\":\"https:\\\/\\\/optima-acoustic.com\\\/\",\"logo\":{\"@type\":\"ImageObject\",\"inLanguage\":\"en-US\",\"@id\":\"https:\\\/\\\/optima-acoustic.com\\\/#\\\/schema\\\/logo\\\/image\\\/\",\"url\":\"https:\\\/\\\/optima-acoustic.com\\\/wp-content\\\/uploads\\\/2024\\\/03\\\/logotipo-optima-acoustic.png\",\"contentUrl\":\"https:\\\/\\\/optima-acoustic.com\\\/wp-content\\\/uploads\\\/2024\\\/03\\\/logotipo-optima-acoustic.png\",\"width\":518,\"height\":248,\"caption\":\"optima-acoustic.com\"},\"image\":{\"@id\":\"https:\\\/\\\/optima-acoustic.com\\\/#\\\/schema\\\/logo\\\/image\\\/\"}}]}<\/script>\n<!-- \/ Yoast SEO plugin. -->","yoast_head_json":{"title":"Sobre nosotros - optima-acoustic.com","robots":{"index":"index","follow":"follow","max-snippet":"max-snippet:-1","max-image-preview":"max-image-preview:large","max-video-preview":"max-video-preview:-1"},"canonical":"https:\/\/optima-acoustic.com\/index.php\/sobre-nosotros\/","og_locale":"en_US","og_type":"article","og_title":"Sobre nosotros - optima-acoustic.com","og_description":"\u00d3ptima Acoustic, soluciones ac\u00fasticas para todos los espacios Somos una empresa especializada en el desarrollo, producci\u00f3n e instalaci\u00f3n de sistemas para la mejora ac\u00fastica de muy diversos espacios, como puede ser la hoster\u00eda, centros de trabajo, espacios deportivos o centros culturales. Contamos con una amplia experiencia en el sector de la ac\u00fastica con resultas inmejorables.\u00a0 [&hellip;]","og_url":"https:\/\/optima-acoustic.com\/index.php\/sobre-nosotros\/","og_site_name":"optima-acoustic.com","article_modified_time":"2024-04-09T14:17:40+00:00","og_image":[{"url":"https:\/\/optima-acoustic.com\/wp-content\/uploads\/2024\/03\/logotipo-optima-acoustic.png","type":"","width":"","height":""}],"twitter_card":"summary_large_image","twitter_misc":{"Est. reading time":"1 minute"},"schema":{"@context":"https:\/\/schema.org","@graph":[{"@type":"WebPage","@id":"https:\/\/optima-acoustic.com\/index.php\/sobre-nosotros\/","url":"https:\/\/optima-acoustic.com\/index.php\/sobre-nosotros\/","name":"Sobre nosotros - optima-acoustic.com","isPartOf":{"@id":"https:\/\/optima-acoustic.com\/#website"},"primaryImageOfPage":{"@id":"https:\/\/optima-acoustic.com\/index.php\/sobre-nosotros\/#primaryimage"},"image":{"@id":"https:\/\/optima-acoustic.com\/index.php\/sobre-nosotros\/#primaryimage"},"thumbnailUrl":"https:\/\/optima-acoustic.com\/wp-content\/uploads\/2024\/03\/logotipo-optima-acoustic.png","datePublished":"2024-04-09T13:43:08+00:00","dateModified":"2024-04-09T14:17:40+00:00","breadcrumb":{"@id":"https:\/\/optima-acoustic.com\/index.php\/sobre-nosotros\/#breadcrumb"},"inLanguage":"en-US","potentialAction":[{"@type":"ReadAction","target":["https:\/\/optima-acoustic.com\/index.php\/sobre-nosotros\/"]}]},{"@type":"ImageObject","inLanguage":"en-US","@id":"https:\/\/optima-acoustic.com\/index.php\/sobre-nosotros\/#primaryimage","url":"https:\/\/optima-acoustic.com\/wp-content\/uploads\/2024\/03\/logotipo-optima-acoustic.png","contentUrl":"https:\/\/optima-acoustic.com\/wp-content\/uploads\/2024\/03\/logotipo-optima-acoustic.png","width":518,"height":248},{"@type":"BreadcrumbList","@id":"https:\/\/optima-acoustic.com\/index.php\/sobre-nosotros\/#breadcrumb","itemListElement":[{"@type":"ListItem","position":1,"name":"Portada","item":"https:\/\/optima-acoustic.com\/"},{"@type":"ListItem","position":2,"name":"Sobre nosotros"}]},{"@type":"WebSite","@id":"https:\/\/optima-acoustic.com\/#website","url":"https:\/\/optima-acoustic.com\/","name":"optima-acoustic.com","description":"","publisher":{"@id":"https:\/\/optima-acoustic.com\/#organization"},"potentialAction":[{"@type":"SearchAction","target":{"@type":"EntryPoint","urlTemplate":"https:\/\/optima-acoustic.com\/?s={search_term_string}"},"query-input":{"@type":"PropertyValueSpecification","valueRequired":true,"valueName":"search_term_string"}}],"inLanguage":"en-US"},{"@type":"Organization","@id":"https:\/\/optima-acoustic.com\/#organization","name":"optima-acoustic.com","url":"https:\/\/optima-acoustic.com\/","logo":{"@type":"ImageObject","inLanguage":"en-US","@id":"https:\/\/optima-acoustic.com\/#\/schema\/logo\/image\/","url":"https:\/\/optima-acoustic.com\/wp-content\/uploads\/2024\/03\/logotipo-optima-acoustic.png","contentUrl":"https:\/\/optima-acoustic.com\/wp-content\/uploads\/2024\/03\/logotipo-optima-acoustic.png","width":518,"height":248,"caption":"optima-acoustic.com"},"image":{"@id":"https:\/\/optima-acoustic.com\/#\/schema\/logo\/image\/"}}]}},"_links":{"self":[{"href":"https:\/\/optima-acoustic.com\/index.php\/wp-json\/wp\/v2\/pages\/217","targetHints":{"allow":["GET"]}}],"collection":[{"href":"https:\/\/optima-acoustic.com\/index.php\/wp-json\/wp\/v2\/pages"}],"about":[{"href":"https:\/\/optima-acoustic.com\/index.php\/wp-json\/wp\/v2\/types\/page"}],"author":[{"embeddable":true,"href":"https:\/\/optima-acoustic.com\/index.php\/wp-json\/wp\/v2\/users\/1"}],"replies":[{"embeddable":true,"href":"https:\/\/optima-acoustic.com\/index.php\/wp-json\/wp\/v2\/comments?post=217"}],"version-history":[{"count":7,"href":"https:\/\/optima-acoustic.com\/index.php\/wp-json\/wp\/v2\/pages\/217\/revisions"}],"predecessor-version":[{"id":226,"href":"https:\/\/optima-acoustic.com\/index.php\/wp-json\/wp\/v2\/pages\/217\/revisions\/226"}],"wp:attachment":[{"href":"https:\/\/optima-acoustic.com\/index.php\/wp-json\/wp\/v2\/media?parent=217"}],"curies":[{"name":"wp","href":"https:\/\/api.w.org\/{rel}","templated":true}]}}