{"id":108,"date":"2024-03-12T08:17:52","date_gmt":"2024-03-12T07:17:52","guid":{"rendered":"https:\/\/optima-acoustic.com\/?page_id=108"},"modified":"2024-03-12T08:31:11","modified_gmt":"2024-03-12T07:31:11","slug":"aviso-legal","status":"publish","type":"page","link":"https:\/\/optima-acoustic.com\/index.php\/aviso-legal\/","title":{"rendered":"Aviso legal"},"content":{"rendered":"\t\t<div data-elementor-type=\"wp-page\" data-elementor-id=\"108\" class=\"elementor elementor-108\" data-elementor-post-type=\"page\">\n\t\t\t\t<div class=\"elementor-element elementor-element-36decc1 e-flex e-con-boxed e-con e-parent\" data-id=\"36decc1\" data-element_type=\"container\" data-e-type=\"container\">\n\t\t\t\t\t<div class=\"e-con-inner\">\n\t\t\t\t<div class=\"elementor-element elementor-element-37e5571 elementor-widget elementor-widget-text-editor\" data-id=\"37e5571\" data-element_type=\"widget\" data-e-type=\"widget\" data-widget_type=\"text-editor.default\">\n\t\t\t\t<div class=\"elementor-widget-container\">\n\t\t\t\t\t\t\t\t\t<h2>Aviso legal&nbsp;<\/h2>\n<p>Datos del Responsable<\/p>\n<p>Identidad del Responsable: Cebra Express, S.L.<br>Nombre comercial: Optima Acoustic <br>CIF: B46912424<br>Direcci\u00f3n: Calle Constituci\u00f3n n\u00ba 12 Manises, Valencia<br>Correo electr\u00f3nico: hola@optima-acoustic.com<\/p>\n<p>En este espacio, el usuario, podr\u00e1 encontrar toda la informaci\u00f3n relativa a los t\u00e9rminos y condiciones legales que definen las relaciones entre los usuarios y el titular responsable de esta web. Como usuario, es importante que conozcas estos t\u00e9rminos antes de continuar tu navegaci\u00f3n.<br>El titular como responsable de esta web, asume el compromiso de procesar la informaci\u00f3n de sus usuarios y clientes con plenas garant\u00edas y cumplir con los requisitos nacionales y europeos que regulan la recopilaci\u00f3n y uso de los datos personales de sus usuarios.<br>Esta web, por tanto, cumple rigurosamente con La Ley Org\u00e1nica 15\/1999, de 13 de diciembre, de Protecci\u00f3n de Datos de Car\u00e1cter Personal (LOPD), y con el Real Decreto 1720\/2007, de 21 de diciembre, conocido como el Reglamento de desarrollo de la LOPD. Cumple tambi\u00e9n con el Reglamento (UE) 2016\/679 del Parlamento Europeo y del Consejo de 27 de abril de 2016 relativo a la protecci\u00f3n de las personas f\u00edsicas (RGPD), as\u00ed como con la Ley 34\/2002, de 11 de julio, de Servicios de la Sociedad de la Informaci\u00f3n y Comercio Electr\u00f3nico (LSSICE \u00f3 LSSI).<\/p>\n<p><strong>Condiciones generales de uso<\/strong><\/p>\n<p>Las presentes Condiciones Generales regulan el uso (incluyendo el mero acceso) de las p\u00e1ginas web, integrantes del sitio web www.optima-acoustic.com incluidos los contenidos y servicios puestos a disposici\u00f3n en ellas. Toda persona que acceda a la web, www.optima-acoustic.com (\u201cusuario\u201d) acepta someterse a las Condiciones Generales vigentes en cada momento del portal www.optima-acoustic.com<\/p>\n<p><strong>Datos personales que recabamos y c\u00f3mo lo hacemos<\/strong><\/p>\n<p>Leer Pol\u00edtica de Privacidad.<br>Compromisos y obligaciones de los usuarios<br>El usuario queda informado, y acepta, que el acceso a la presente web no supone, en modo alguno, el inicio de una relaci\u00f3n comercial. De esta forma, el usuario se compromete a utilizar el sitio web, sus servicios y contenidos sin contravenir la legislaci\u00f3n vigente, la buena fe y el orden p\u00fablico.<br>Queda prohibido el uso de la web, con fines il\u00edcitos o lesivos, o que, de cualquier forma, puedan causar perjuicio o impedir el normal funcionamiento del sitio web. Respecto de los contenidos de esta web, se proh\u00edbe:<br>Su reproducci\u00f3n, distribuci\u00f3n o modificaci\u00f3n, total o parcial, a menos que se cuente con nuestra autorizaci\u00f3n como leg\u00edtimo titular;<br>Cualquier vulneraci\u00f3n de los derechos del prestador;<br>Su utilizaci\u00f3n para fines comerciales o publicitarios.<br>En la utilizaci\u00f3n de la web, www.optima-acoustic.com el usuario se compromete a no llevar a cabo ninguna conducta que pudiera da\u00f1ar la imagen, los intereses y los derechos del titular o de terceros o que pudiera da\u00f1ar, inutilizar o sobrecargar el portal www.optima-acoustic.com&nbsp; o que impidiera, de cualquier forma, la normal utilizaci\u00f3n de la web.<br>No obstante, el usuario debe ser consciente de que las medidas de seguridad de los sistemas inform\u00e1ticos en Internet no son enteramente fiables y que, por tanto www.optima-acoustic.com no puede garantizar la inexistencia de malware u otros elementos que puedan producir alteraciones en los sistemas inform\u00e1ticos (software y hardware) del usuario o en sus documentos electr\u00f3nicos y ficheros contenidos en los mismos aunque se aplican todos los medios necesarios y las medidas de seguridad oportunas para evitar la presencia de estos elementos da\u00f1inos.<\/p>\n<p><strong>Medidas de seguridad<\/strong><\/p>\n<p>Los datos personales comunicados por el usuario a \u00d3ptima Acoustic pueden ser almacenados en bases de datos automatizadas o no, cuya titularidad corresponde en exclusiva a Cebra Express &nbsp;S.L., asumiendo \u00e9sta todas las medidas de \u00edndole t\u00e9cnica, organizativa y de seguridad que garantizan la confidencialidad, integridad y calidad de la informaci\u00f3n contenida en las mismas de acuerdo con lo establecido en la normativa vigente en protecci\u00f3n de datos.<\/p>\n<p><strong>Plataforma de resoluci\u00f3n de conflictos<\/strong><\/p>\n<p>Pongo tambi\u00e9n a disposici\u00f3n de los usuarios la plataforma de resoluci\u00f3n de litigios que facilita la Comisi\u00f3n Europea y que se encuentra disponible en el siguiente enlace: http:\/\/ec.europa.eu\/consumers\/odr\/<\/p>\n<p><strong>&nbsp;<\/strong><\/p>\n<p><strong>Derechos de propiedad intelectual e industrial<\/strong><\/p>\n<p>En virtud de lo dispuesto en los art\u00edculos 8 y 32.1, p\u00e1rrafo segundo, de la Ley de Propiedad Intelectual, quedan expresamente prohibidas la reproducci\u00f3n, la distribuci\u00f3n y la comunicaci\u00f3n p\u00fablica, incluida su modalidad de puesta a disposici\u00f3n, de la totalidad o parte de los contenidos de esta p\u00e1gina web, con fines comerciales, en cualquier soporte y por cualquier medio t\u00e9cnico, sin la autorizaci\u00f3n de Cebra Express. El usuario se compromete a respetar los derechos de Propiedad Intelectual e Industrial titularidad de Cebra Express.<br>El usuario conoce y acepta que la totalidad del sitio web, conteniendo sin car\u00e1cter exhaustivo el texto, software, contenidos (incluyendo estructura, selecci\u00f3n, ordenaci\u00f3n y presentaci\u00f3n de los mismos) podcast, fotograf\u00edas, material audiovisual y gr\u00e1ficos, est\u00e1 protegida por marcas, derechos de autor y otros derechos leg\u00edtimos, de acuerdo con los tratados internacionales en los que Espa\u00f1a es parte y otros derechos de propiedad y leyes de Espa\u00f1a.<br>En el caso de que un usuario o un tercero consideren que se ha producido una violaci\u00f3n de sus leg\u00edtimos derechos de propiedad intelectual por la introducci\u00f3n de un determinado contenido en la web, deber\u00e1 notificar dicha circunstancia a Cebra Express indicando:<br>Datos personales del interesado titular de los derechos presuntamente infringidos, o indicar la representaci\u00f3n con la que act\u00faa en caso de que la reclamaci\u00f3n la presente un tercero distinto del interesado.<br>Se\u00f1alar los contenidos protegidos por los derechos de propiedad intelectual y su ubicaci\u00f3n en la web, la acreditaci\u00f3n de los derechos de propiedad intelectual se\u00f1alados y declaraci\u00f3n expresa en la que el interesado se responsabiliza de la veracidad de las informaciones facilitadas en la notificaci\u00f3n.<\/p>\n<p>Enlaces externos:<\/p>\n<p>Las p\u00e1ginas de la web www.optima-acoustic.com proporciona enlaces a otros sitios web propios y contenidos que son propiedad de terceros tales como:<\/p>\n<p>Recursos<br>Contenido de otros blogs<br>Enlaces de afiliados<br>Enlaces de inter\u00e9s<\/p>\n<p><strong>&nbsp;<\/strong><\/p>\n<p><strong>Exclusi\u00f3n de garant\u00edas y responsable<\/strong><\/p>\n<p>Cebra Express &nbsp;S.L.( Cebra Express) no otorga ninguna garant\u00eda ni se hace responsable, en ning\u00fan caso, de los da\u00f1os y perjuicios de cualquier naturaleza que pudieran traer causa de:<\/p>\n<p>La falta de disponibilidad, mantenimiento y efectivo funcionamiento de la web, o de sus servicios y contenidos;<br>La existencia de malware, programas maliciosos o lesivos en los contenidos;<br>El uso il\u00edcito, negligente, fraudulento o contrario a este Aviso Legal;<br>La falta de licitud, calidad, fiabilidad, utilidad y disponibilidad de los servicios prestados por terceros y puestos a disposici\u00f3n de los usuarios en el sitio web.<br>El prestador no se hace responsable bajo ning\u00fan concepto de los da\u00f1os que pudieran dimanar del uso ilegal o indebido de la presente p\u00e1gina web.<\/p>\n<p><strong>&nbsp;<\/strong><\/p>\n<p><strong>Ley aplicable y jurisdicci\u00f3n<\/strong><\/p>\n<p>Con car\u00e1cter general las relaciones entre el titular con los usuarios de sus servicios telem\u00e1ticos, presentes en esta web se encuentran sometidas a la legislaci\u00f3n y jurisdicci\u00f3n espa\u00f1olas y a los tribunales de Valencia.<\/p>\n<p><strong>&nbsp;<\/strong><\/p>\n<p><strong>Contacto<\/strong><\/p>\n<p>En caso de que cualquier usuario tuviese alguna duda acerca de estas Condiciones legales o cualquier comentario sobre el portal www.optima-acoustic.com.com, por favor dir\u00edjase a hola@optima-acoustic.com<\/p>\n<p>El aviso legal ha sido actualizado por \u00faltima vez el 04-07-2018.<br>Este sitio web es propiedad de CEBRA EXPRESS, S.L. CIF: B46912424<br>Direcci\u00f3n: Calle Constituci\u00f3n 12, Manises, Valencia<br>Correo electr\u00f3nico: hola@optima-acoustic.com<\/p>\n<p><\/p>\t\t\t\t\t\t\t\t<\/div>\n\t\t\t\t<\/div>\n\t\t\t\t\t<\/div>\n\t\t\t\t<\/div>\n\t\t\t\t<\/div>\n\t\t","protected":false},"excerpt":{"rendered":"<p>Aviso legal&nbsp; Datos del Responsable Identidad del Responsable: Cebra Express, S.L.Nombre comercial: Optima Acoustic CIF: B46912424Direcci\u00f3n: Calle Constituci\u00f3n n\u00ba 12 Manises, ValenciaCorreo electr\u00f3nico: hola@optima-acoustic.com En este espacio, el usuario, podr\u00e1 encontrar toda la informaci\u00f3n relativa a los t\u00e9rminos y condiciones legales que definen las relaciones entre los usuarios y el titular responsable de esta web. [&hellip;]<\/p>\n","protected":false},"author":1,"featured_media":0,"parent":0,"menu_order":0,"comment_status":"closed","ping_status":"closed","template":"elementor_header_footer","meta":{"footnotes":""},"class_list":["post-108","page","type-page","status-publish","hentry"],"yoast_head":"<!-- This site is optimized with the Yoast SEO plugin v27.4 - https:\/\/yoast.com\/product\/yoast-seo-wordpress\/ -->\n<title>Aviso legal - optima-acoustic.com<\/title>\n<meta name=\"robots\" content=\"index, follow, max-snippet:-1, max-image-preview:large, max-video-preview:-1\" \/>\n<link rel=\"canonical\" href=\"https:\/\/optima-acoustic.com\/index.php\/aviso-legal\/\" \/>\n<meta property=\"og:locale\" content=\"en_US\" \/>\n<meta property=\"og:type\" content=\"article\" \/>\n<meta property=\"og:title\" content=\"Aviso legal - optima-acoustic.com\" \/>\n<meta property=\"og:description\" content=\"Aviso legal&nbsp; Datos del Responsable Identidad del Responsable: Cebra Express, S.L.Nombre comercial: Optima Acoustic CIF: B46912424Direcci\u00f3n: Calle Constituci\u00f3n n\u00ba 12 Manises, ValenciaCorreo electr\u00f3nico: hola@optima-acoustic.com En este espacio, el usuario, podr\u00e1 encontrar toda la informaci\u00f3n relativa a los t\u00e9rminos y condiciones legales que definen las relaciones entre los usuarios y el titular responsable de esta web. [&hellip;]\" \/>\n<meta property=\"og:url\" content=\"https:\/\/optima-acoustic.com\/index.php\/aviso-legal\/\" \/>\n<meta property=\"og:site_name\" content=\"optima-acoustic.com\" \/>\n<meta property=\"article:modified_time\" content=\"2024-03-12T07:31:11+00:00\" \/>\n<meta name=\"twitter:card\" content=\"summary_large_image\" \/>\n<meta name=\"twitter:label1\" content=\"Est. reading time\" \/>\n\t<meta name=\"twitter:data1\" content=\"6 minutes\" \/>\n<script type=\"application\/ld+json\" class=\"yoast-schema-graph\">{\"@context\":\"https:\\\/\\\/schema.org\",\"@graph\":[{\"@type\":\"WebPage\",\"@id\":\"https:\\\/\\\/optima-acoustic.com\\\/index.php\\\/aviso-legal\\\/\",\"url\":\"https:\\\/\\\/optima-acoustic.com\\\/index.php\\\/aviso-legal\\\/\",\"name\":\"Aviso legal - optima-acoustic.com\",\"isPartOf\":{\"@id\":\"https:\\\/\\\/optima-acoustic.com\\\/#website\"},\"datePublished\":\"2024-03-12T07:17:52+00:00\",\"dateModified\":\"2024-03-12T07:31:11+00:00\",\"breadcrumb\":{\"@id\":\"https:\\\/\\\/optima-acoustic.com\\\/index.php\\\/aviso-legal\\\/#breadcrumb\"},\"inLanguage\":\"en-US\",\"potentialAction\":[{\"@type\":\"ReadAction\",\"target\":[\"https:\\\/\\\/optima-acoustic.com\\\/index.php\\\/aviso-legal\\\/\"]}]},{\"@type\":\"BreadcrumbList\",\"@id\":\"https:\\\/\\\/optima-acoustic.com\\\/index.php\\\/aviso-legal\\\/#breadcrumb\",\"itemListElement\":[{\"@type\":\"ListItem\",\"position\":1,\"name\":\"Portada\",\"item\":\"https:\\\/\\\/optima-acoustic.com\\\/\"},{\"@type\":\"ListItem\",\"position\":2,\"name\":\"Aviso legal\"}]},{\"@type\":\"WebSite\",\"@id\":\"https:\\\/\\\/optima-acoustic.com\\\/#website\",\"url\":\"https:\\\/\\\/optima-acoustic.com\\\/\",\"name\":\"optima-acoustic.com\",\"description\":\"\",\"publisher\":{\"@id\":\"https:\\\/\\\/optima-acoustic.com\\\/#organization\"},\"potentialAction\":[{\"@type\":\"SearchAction\",\"target\":{\"@type\":\"EntryPoint\",\"urlTemplate\":\"https:\\\/\\\/optima-acoustic.com\\\/?s={search_term_string}\"},\"query-input\":{\"@type\":\"PropertyValueSpecification\",\"valueRequired\":true,\"valueName\":\"search_term_string\"}}],\"inLanguage\":\"en-US\"},{\"@type\":\"Organization\",\"@id\":\"https:\\\/\\\/optima-acoustic.com\\\/#organization\",\"name\":\"optima-acoustic.com\",\"url\":\"https:\\\/\\\/optima-acoustic.com\\\/\",\"logo\":{\"@type\":\"ImageObject\",\"inLanguage\":\"en-US\",\"@id\":\"https:\\\/\\\/optima-acoustic.com\\\/#\\\/schema\\\/logo\\\/image\\\/\",\"url\":\"https:\\\/\\\/optima-acoustic.com\\\/wp-content\\\/uploads\\\/2024\\\/03\\\/logotipo-optima-acoustic.png\",\"contentUrl\":\"https:\\\/\\\/optima-acoustic.com\\\/wp-content\\\/uploads\\\/2024\\\/03\\\/logotipo-optima-acoustic.png\",\"width\":518,\"height\":248,\"caption\":\"optima-acoustic.com\"},\"image\":{\"@id\":\"https:\\\/\\\/optima-acoustic.com\\\/#\\\/schema\\\/logo\\\/image\\\/\"}}]}<\/script>\n<!-- \/ Yoast SEO plugin. -->","yoast_head_json":{"title":"Aviso legal - optima-acoustic.com","robots":{"index":"index","follow":"follow","max-snippet":"max-snippet:-1","max-image-preview":"max-image-preview:large","max-video-preview":"max-video-preview:-1"},"canonical":"https:\/\/optima-acoustic.com\/index.php\/aviso-legal\/","og_locale":"en_US","og_type":"article","og_title":"Aviso legal - optima-acoustic.com","og_description":"Aviso legal&nbsp; Datos del Responsable Identidad del Responsable: Cebra Express, S.L.Nombre comercial: Optima Acoustic CIF: B46912424Direcci\u00f3n: Calle Constituci\u00f3n n\u00ba 12 Manises, ValenciaCorreo electr\u00f3nico: hola@optima-acoustic.com En este espacio, el usuario, podr\u00e1 encontrar toda la informaci\u00f3n relativa a los t\u00e9rminos y condiciones legales que definen las relaciones entre los usuarios y el titular responsable de esta web. [&hellip;]","og_url":"https:\/\/optima-acoustic.com\/index.php\/aviso-legal\/","og_site_name":"optima-acoustic.com","article_modified_time":"2024-03-12T07:31:11+00:00","twitter_card":"summary_large_image","twitter_misc":{"Est. reading time":"6 minutes"},"schema":{"@context":"https:\/\/schema.org","@graph":[{"@type":"WebPage","@id":"https:\/\/optima-acoustic.com\/index.php\/aviso-legal\/","url":"https:\/\/optima-acoustic.com\/index.php\/aviso-legal\/","name":"Aviso legal - optima-acoustic.com","isPartOf":{"@id":"https:\/\/optima-acoustic.com\/#website"},"datePublished":"2024-03-12T07:17:52+00:00","dateModified":"2024-03-12T07:31:11+00:00","breadcrumb":{"@id":"https:\/\/optima-acoustic.com\/index.php\/aviso-legal\/#breadcrumb"},"inLanguage":"en-US","potentialAction":[{"@type":"ReadAction","target":["https:\/\/optima-acoustic.com\/index.php\/aviso-legal\/"]}]},{"@type":"BreadcrumbList","@id":"https:\/\/optima-acoustic.com\/index.php\/aviso-legal\/#breadcrumb","itemListElement":[{"@type":"ListItem","position":1,"name":"Portada","item":"https:\/\/optima-acoustic.com\/"},{"@type":"ListItem","position":2,"name":"Aviso legal"}]},{"@type":"WebSite","@id":"https:\/\/optima-acoustic.com\/#website","url":"https:\/\/optima-acoustic.com\/","name":"optima-acoustic.com","description":"","publisher":{"@id":"https:\/\/optima-acoustic.com\/#organization"},"potentialAction":[{"@type":"SearchAction","target":{"@type":"EntryPoint","urlTemplate":"https:\/\/optima-acoustic.com\/?s={search_term_string}"},"query-input":{"@type":"PropertyValueSpecification","valueRequired":true,"valueName":"search_term_string"}}],"inLanguage":"en-US"},{"@type":"Organization","@id":"https:\/\/optima-acoustic.com\/#organization","name":"optima-acoustic.com","url":"https:\/\/optima-acoustic.com\/","logo":{"@type":"ImageObject","inLanguage":"en-US","@id":"https:\/\/optima-acoustic.com\/#\/schema\/logo\/image\/","url":"https:\/\/optima-acoustic.com\/wp-content\/uploads\/2024\/03\/logotipo-optima-acoustic.png","contentUrl":"https:\/\/optima-acoustic.com\/wp-content\/uploads\/2024\/03\/logotipo-optima-acoustic.png","width":518,"height":248,"caption":"optima-acoustic.com"},"image":{"@id":"https:\/\/optima-acoustic.com\/#\/schema\/logo\/image\/"}}]}},"_links":{"self":[{"href":"https:\/\/optima-acoustic.com\/index.php\/wp-json\/wp\/v2\/pages\/108","targetHints":{"allow":["GET"]}}],"collection":[{"href":"https:\/\/optima-acoustic.com\/index.php\/wp-json\/wp\/v2\/pages"}],"about":[{"href":"https:\/\/optima-acoustic.com\/index.php\/wp-json\/wp\/v2\/types\/page"}],"author":[{"embeddable":true,"href":"https:\/\/optima-acoustic.com\/index.php\/wp-json\/wp\/v2\/users\/1"}],"replies":[{"embeddable":true,"href":"https:\/\/optima-acoustic.com\/index.php\/wp-json\/wp\/v2\/comments?post=108"}],"version-history":[{"count":4,"href":"https:\/\/optima-acoustic.com\/index.php\/wp-json\/wp\/v2\/pages\/108\/revisions"}],"predecessor-version":[{"id":119,"href":"https:\/\/optima-acoustic.com\/index.php\/wp-json\/wp\/v2\/pages\/108\/revisions\/119"}],"wp:attachment":[{"href":"https:\/\/optima-acoustic.com\/index.php\/wp-json\/wp\/v2\/media?parent=108"}],"curies":[{"name":"wp","href":"https:\/\/api.w.org\/{rel}","templated":true}]}}